{"id":33,"date":"2020-02-21T13:53:11","date_gmt":"2020-02-21T13:53:11","guid":{"rendered":"http:\/\/pferdefreunde-stgeorg.de\/?page_id=33"},"modified":"2022-10-09T10:37:27","modified_gmt":"2022-10-09T10:37:27","slug":"mitgliedschaft","status":"publish","type":"page","link":"https:\/\/pferdefreunde-stgeorg.de\/?page_id=33","title":{"rendered":"Mitgliedschaft"},"content":{"rendered":"\n<h1 class=\"wp-block-heading\">Mitglied\nwerden<\/h1>\n\n\n\n<p><strong>\u2026<\/strong> weil ich Pferdefreund bin \u2026<\/p>\n\n\n\n<p><strong>\u2026<\/strong> weil ich gemeinsam mit anderen reiten\nwill \u2026<\/p>\n\n\n\n<p><strong>\u2026 <\/strong>weil ich im Reiten besser werden will \u2026<\/p>\n\n\n\n<p><strong>\u2026 <\/strong>weil ich mitreden und mitmachen will \u2026<\/p>\n\n\n\n<p><strong>\u2026 <\/strong>weil ich Turniere reiten will\u2026<\/p>\n\n\n\n<p><strong>Mitglied sein<\/strong> &#8211; macht Spa\u00df!<\/p>\n\n\n\n<p>Zum Formalen: Mitglied werden,\nkann jeder, der Spa\u00df am Pferdesport hat, egal wie alt und welche Disziplin. Die\nVereinsbeitr\u00e4ge werden j\u00e4hrlich erhoben.<\/p>\n\n\n\n<p>Wir freuen uns \u00fcber jeden Pferdefreund der sich unserem Verein anschlie\u00dfen m\u00f6chte.<\/p>\n\n\n\n<figure class=\"wp-block-image size-large\"><img loading=\"lazy\" decoding=\"async\" width=\"1024\" height=\"614\" src=\"http:\/\/pferdefreunde-stgeorg.de\/wp-content\/uploads\/2020\/02\/cropped-Aktion-scaled-1-1024x614.jpg\" alt=\"\" class=\"wp-image-84\" srcset=\"https:\/\/pferdefreunde-stgeorg.de\/wp-content\/uploads\/2020\/02\/cropped-Aktion-scaled-1-1024x614.jpg 1024w, https:\/\/pferdefreunde-stgeorg.de\/wp-content\/uploads\/2020\/02\/cropped-Aktion-scaled-1-300x180.jpg 300w, https:\/\/pferdefreunde-stgeorg.de\/wp-content\/uploads\/2020\/02\/cropped-Aktion-scaled-1-768x461.jpg 768w, https:\/\/pferdefreunde-stgeorg.de\/wp-content\/uploads\/2020\/02\/cropped-Aktion-scaled-1-1536x922.jpg 1536w, https:\/\/pferdefreunde-stgeorg.de\/wp-content\/uploads\/2020\/02\/cropped-Aktion-scaled-1.jpg 2000w\" sizes=\"auto, (max-width: 767px) 89vw, (max-width: 1000px) 54vw, (max-width: 1071px) 543px, 580px\" \/><\/figure>\n\n\n\n<h2 class=\"wp-block-heading\"><strong><a href=\"http:\/\/pferdefreunde-stgeorg.de\/wp-content\/uploads\/2022\/02\/220228-Mitgliedsantrag.docx\">Mitgliedsantrag<\/a><\/strong><\/h2>\n\n\n\n<h2 class=\"wp-block-heading\"> <\/h2>\n\n\n\n<p><strong>Aktuelle Geb\u00fchrenordnung (Stand Mai 2011)<\/strong><\/p>\n\n\n\n<figure class=\"wp-block-table\"><table><tbody><tr><td>\n  &nbsp;\n  <\/td><td>\n  Jahresbeitrag\n  <\/td><\/tr><tr><td>\n  Jugendliche bis einschl. 18 Jahren\n  <\/td><td>\n  25,00 \u20ac\n  <\/td><\/tr><tr><td>\n  Sch\u00fcler (&gt; 18 Jahr), Studenten und\n  Auszubildende\n  <\/td><td>\n  35,00 \u20ac\n  <\/td><\/tr><tr><td>\n  Erwachsene Mitglieder \n  <\/td><td>\n  50,00 \u20ac\n  <\/td><\/tr><tr><td>\n  Familien (2 Erwachsene Mitglieder &amp;\n  2 Jugendliche)\n  <\/td><td>\n  130,00 \u20ac\n  <\/td><\/tr><tr><td>\n  F\u00f6rderndes Mitglied\n  <\/td><td>\n  Ab 40, 00 \u20ac<\/td><\/tr><\/tbody><\/table><\/figure>\n","protected":false},"excerpt":{"rendered":"<p>Mitglied werden \u2026 weil ich Pferdefreund bin \u2026 \u2026 weil ich gemeinsam mit anderen reiten will \u2026 \u2026 weil ich im Reiten besser werden will \u2026 \u2026 weil ich mitreden und mitmachen will \u2026 \u2026 weil ich Turniere reiten will\u2026 Mitglied sein &#8211; macht Spa\u00df! Zum Formalen: Mitglied werden, kann jeder, der Spa\u00df am Pferdesport &hellip; <\/p>\n<p class=\"link-more\"><a href=\"https:\/\/pferdefreunde-stgeorg.de\/?page_id=33\" class=\"more-link\"><span class=\"screen-reader-text\">\u201eMitgliedschaft\u201c <\/span>weiterlesen<\/a><\/p>\n","protected":false},"author":1,"featured_media":83,"parent":0,"menu_order":0,"comment_status":"closed","ping_status":"closed","template":"","meta":{"footnotes":""},"class_list":["post-33","page","type-page","status-publish","has-post-thumbnail","hentry"],"_links":{"self":[{"href":"https:\/\/pferdefreunde-stgeorg.de\/index.php?rest_route=\/wp\/v2\/pages\/33","targetHints":{"allow":["GET"]}}],"collection":[{"href":"https:\/\/pferdefreunde-stgeorg.de\/index.php?rest_route=\/wp\/v2\/pages"}],"about":[{"href":"https:\/\/pferdefreunde-stgeorg.de\/index.php?rest_route=\/wp\/v2\/types\/page"}],"author":[{"embeddable":true,"href":"https:\/\/pferdefreunde-stgeorg.de\/index.php?rest_route=\/wp\/v2\/users\/1"}],"replies":[{"embeddable":true,"href":"https:\/\/pferdefreunde-stgeorg.de\/index.php?rest_route=%2Fwp%2Fv2%2Fcomments&post=33"}],"version-history":[{"count":8,"href":"https:\/\/pferdefreunde-stgeorg.de\/index.php?rest_route=\/wp\/v2\/pages\/33\/revisions"}],"predecessor-version":[{"id":160,"href":"https:\/\/pferdefreunde-stgeorg.de\/index.php?rest_route=\/wp\/v2\/pages\/33\/revisions\/160"}],"wp:featuredmedia":[{"embeddable":true,"href":"https:\/\/pferdefreunde-stgeorg.de\/index.php?rest_route=\/wp\/v2\/media\/83"}],"wp:attachment":[{"href":"https:\/\/pferdefreunde-stgeorg.de\/index.php?rest_route=%2Fwp%2Fv2%2Fmedia&parent=33"}],"curies":[{"name":"wp","href":"https:\/\/api.w.org\/{rel}","templated":true}]}}