{"id":41,"date":"2020-02-21T13:55:20","date_gmt":"2020-02-21T13:55:20","guid":{"rendered":"http:\/\/pferdefreunde-stgeorg.de\/?page_id=41"},"modified":"2020-02-21T14:44:05","modified_gmt":"2020-02-21T14:44:05","slug":"ueber-uns","status":"publish","type":"page","link":"https:\/\/pferdefreunde-stgeorg.de\/?page_id=41","title":{"rendered":"\u00dcber Uns"},"content":{"rendered":"\n<p><strong>\u00dcber unseren Verein\u2026<\/strong><\/p>\n\n\n\n<p>Die Pferdefreunde St. Georg wurden im\nFebruar 2011 von neun Pferdefreunden aus dem Kreis D\u00fcren gegr\u00fcndet.&nbsp; Wir sind eine Gemeinschaft aus\nFreizeitreitern und ambitionierten Turnierreitern aus Linnich, J\u00fclich, Titz und\nHuchem-Stammeln.<\/p>\n\n\n\n<p>Wir m\u00f6chten gemeinsam die Freude an\nPferden und den Reitsport f\u00f6rdern. Dazu planen wir regelm\u00e4\u00dfige Veranstaltungen\nrund um den Pferdesport, wie gemeinsame Ausfl\u00fcge und Lehrg\u00e4nge. Durch\nqualifizierte Trainer m\u00f6chten wir die Aus- und Weiterbildung von Pferd und\nReiter f\u00f6rdern, auch ohne eigenes Pferd. <\/p>\n","protected":false},"excerpt":{"rendered":"<p>\u00dcber unseren Verein\u2026 Die Pferdefreunde St. Georg wurden im Februar 2011 von neun Pferdefreunden aus dem Kreis D\u00fcren gegr\u00fcndet.&nbsp; Wir sind eine Gemeinschaft aus Freizeitreitern und ambitionierten Turnierreitern aus Linnich, J\u00fclich, Titz und Huchem-Stammeln. Wir m\u00f6chten gemeinsam die Freude an Pferden und den Reitsport f\u00f6rdern. Dazu planen wir regelm\u00e4\u00dfige Veranstaltungen rund um den Pferdesport, wie &hellip; <\/p>\n<p class=\"link-more\"><a href=\"https:\/\/pferdefreunde-stgeorg.de\/?page_id=41\" class=\"more-link\"><span class=\"screen-reader-text\">\u201e\u00dcber Uns\u201c <\/span>weiterlesen<\/a><\/p>\n","protected":false},"author":1,"featured_media":52,"parent":0,"menu_order":0,"comment_status":"closed","ping_status":"closed","template":"","meta":{"footnotes":""},"class_list":["post-41","page","type-page","status-publish","has-post-thumbnail","hentry"],"_links":{"self":[{"href":"https:\/\/pferdefreunde-stgeorg.de\/index.php?rest_route=\/wp\/v2\/pages\/41","targetHints":{"allow":["GET"]}}],"collection":[{"href":"https:\/\/pferdefreunde-stgeorg.de\/index.php?rest_route=\/wp\/v2\/pages"}],"about":[{"href":"https:\/\/pferdefreunde-stgeorg.de\/index.php?rest_route=\/wp\/v2\/types\/page"}],"author":[{"embeddable":true,"href":"https:\/\/pferdefreunde-stgeorg.de\/index.php?rest_route=\/wp\/v2\/users\/1"}],"replies":[{"embeddable":true,"href":"https:\/\/pferdefreunde-stgeorg.de\/index.php?rest_route=%2Fwp%2Fv2%2Fcomments&post=41"}],"version-history":[{"count":2,"href":"https:\/\/pferdefreunde-stgeorg.de\/index.php?rest_route=\/wp\/v2\/pages\/41\/revisions"}],"predecessor-version":[{"id":53,"href":"https:\/\/pferdefreunde-stgeorg.de\/index.php?rest_route=\/wp\/v2\/pages\/41\/revisions\/53"}],"wp:featuredmedia":[{"embeddable":true,"href":"https:\/\/pferdefreunde-stgeorg.de\/index.php?rest_route=\/wp\/v2\/media\/52"}],"wp:attachment":[{"href":"https:\/\/pferdefreunde-stgeorg.de\/index.php?rest_route=%2Fwp%2Fv2%2Fmedia&parent=41"}],"curies":[{"name":"wp","href":"https:\/\/api.w.org\/{rel}","templated":true}]}}